{"id":2639,"date":"2025-01-20T13:35:49","date_gmt":"2025-01-20T13:35:49","guid":{"rendered":"https:\/\/ecologe.eu\/pros-dienstleistungen\/schulungen-in-biobasierten-materialien-und-okologischem-bauen\/"},"modified":"2025-01-24T11:04:09","modified_gmt":"2025-01-24T11:04:09","slug":"schulungen-in-biobasierten-materialien-und-okologischem-bauen","status":"publish","type":"page","link":"https:\/\/ecologe.eu\/lb\/pros-dienstleistungen\/schulungen-in-biobasierten-materialien-und-okologischem-bauen\/","title":{"rendered":"Schulungen und Pl\u00e4ne"},"content":{"rendered":"\t\t<div data-elementor-type=\"wp-page\" data-elementor-id=\"2639\" class=\"elementor elementor-2639 elementor-1657\" data-elementor-post-type=\"page\">\n\t\t\t\t<div class=\"elementor-element elementor-element-a2eff34 e-flex e-con-boxed e-con e-parent\" data-id=\"a2eff34\" data-element_type=\"container\" data-settings=\"{&quot;background_background&quot;:&quot;classic&quot;}\">\n\t\t\t\t\t<div class=\"e-con-inner\">\n\t\t<div class=\"elementor-element elementor-element-353b76a e-con-full e-flex e-con e-child\" data-id=\"353b76a\" data-element_type=\"container\" data-settings=\"{&quot;background_background&quot;:&quot;classic&quot;}\">\n\t\t<div class=\"elementor-element elementor-element-218f776 e-con-full e-flex e-con e-child\" data-id=\"218f776\" data-element_type=\"container\" data-settings=\"{&quot;background_background&quot;:&quot;classic&quot;}\">\n\t\t<div class=\"elementor-element elementor-element-44ffd2a e-con-full e-flex e-con e-child\" data-id=\"44ffd2a\" data-element_type=\"container\" data-settings=\"{&quot;background_background&quot;:&quot;classic&quot;}\">\n\t\t\t\t<div class=\"elementor-element elementor-element-78bdd43 elementor-invisible elementor-widget elementor-widget-heading\" data-id=\"78bdd43\" data-element_type=\"widget\" data-settings=\"{&quot;_animation&quot;:&quot;fadeInUp&quot;}\" data-widget_type=\"heading.default\">\n\t\t\t\t<div class=\"elementor-widget-container\">\n\t\t\t\t\t<h6 class=\"elementor-heading-title elementor-size-default\">\u00d6kologe<\/h6>\t\t\t\t<\/div>\n\t\t\t\t<\/div>\n\t\t\t\t<div class=\"elementor-element elementor-element-9c66d14 elementor-invisible elementor-widget elementor-widget-heading\" data-id=\"9c66d14\" data-element_type=\"widget\" data-settings=\"{&quot;_animation&quot;:&quot;fadeInUp&quot;,&quot;_animation_delay&quot;:200}\" data-widget_type=\"heading.default\">\n\t\t\t\t<div class=\"elementor-widget-container\">\n\t\t\t\t\t<h1 class=\"elementor-heading-title elementor-size-default\">Schulungen in biobasierten Materialien und \u00f6kologischem Bauen<\/h1>\t\t\t\t<\/div>\n\t\t\t\t<\/div>\n\t\t\t\t<div class=\"elementor-element elementor-element-1b14abf elementor-invisible elementor-widget elementor-widget-text-editor\" data-id=\"1b14abf\" data-element_type=\"widget\" data-settings=\"{&quot;_animation&quot;:&quot;fadeInUp&quot;,&quot;_animation_delay&quot;:300}\" data-widget_type=\"text-editor.default\">\n\t\t\t\t<div class=\"elementor-widget-container\">\n\t\t\t\t\t\t\t\t\t<p>Wir bieten professionelle Schulungen f\u00fcr diejenigen an, die ihre Kenntnisse und F\u00e4higkeiten im Bereich des nachhaltigen Bauens vertiefen m\u00f6chten. Unsere Programme decken verschiedene Aspekte ab, von \u00f6kologischen Bautechniken bis hin zu Strategien f\u00fcr eine nachhaltige Entwicklung im Bauwesen. <\/p>\n\t\t\t\t\t\t\t\t<\/div>\n\t\t\t\t<\/div>\n\t\t\t\t<div class=\"elementor-element elementor-element-2c38b95 elementor-widget elementor-widget-image\" data-id=\"2c38b95\" data-element_type=\"widget\" data-widget_type=\"image.default\">\n\t\t\t\t<div class=\"elementor-widget-container\">\n\t\t\t\t\t\t\t\t\t\t\t\t\t\t\t<img fetchpriority=\"high\" decoding=\"async\" width=\"800\" height=\"509\" src=\"https:\/\/ecologe.eu\/wp-content\/uploads\/2025\/01\/Capture-decran-2025-01-21-a-01.36.56-1024x652.webp\" class=\"attachment-large size-large wp-image-2641\" alt=\"\" srcset=\"https:\/\/ecologe.eu\/wp-content\/uploads\/2025\/01\/Capture-decran-2025-01-21-a-01.36.56-1024x652.webp 1024w, https:\/\/ecologe.eu\/wp-content\/uploads\/2025\/01\/Capture-decran-2025-01-21-a-01.36.56-300x191.webp 300w, https:\/\/ecologe.eu\/wp-content\/uploads\/2025\/01\/Capture-decran-2025-01-21-a-01.36.56-768x489.webp 768w, https:\/\/ecologe.eu\/wp-content\/uploads\/2025\/01\/Capture-decran-2025-01-21-a-01.36.56-1536x978.webp 1536w, https:\/\/ecologe.eu\/wp-content\/uploads\/2025\/01\/Capture-decran-2025-01-21-a-01.36.56.webp 1803w\" sizes=\"(max-width: 800px) 100vw, 800px\" \/>\t\t\t\t\t\t\t\t\t\t\t\t\t\t\t<\/div>\n\t\t\t\t<\/div>\n\t\t\t\t<div class=\"elementor-element elementor-element-22587fc elementor-align-center elementor-widget elementor-widget-button\" data-id=\"22587fc\" data-element_type=\"widget\" data-widget_type=\"button.default\">\n\t\t\t\t<div class=\"elementor-widget-container\">\n\t\t\t\t\t\t\t\t\t<div class=\"elementor-button-wrapper\">\n\t\t\t\t\t<a class=\"elementor-button elementor-button-link elementor-size-sm\" href=\"https:\/\/ecologe.eu\/lb\/kontaktieren-sie-uns\/\">\n\t\t\t\t\t\t<span class=\"elementor-button-content-wrapper\">\n\t\t\t\t\t\t\t\t\t<span class=\"elementor-button-text\">Weitere Informationen<\/span>\n\t\t\t\t\t<\/span>\n\t\t\t\t\t<\/a>\n\t\t\t\t<\/div>\n\t\t\t\t\t\t\t\t<\/div>\n\t\t\t\t<\/div>\n\t\t\t\t<\/div>\n\t\t\t\t<\/div>\n\t\t\t\t<\/div>\n\t\t\t\t\t<\/div>\n\t\t\t\t<\/div>\n\t\t\t\t<\/div>\n\t\t","protected":false},"excerpt":{"rendered":"<p>\u00d6kologe Schulungen in biobasierten Materialien und \u00f6kologischem Bauen Wir bieten professionelle Schulungen f\u00fcr diejenigen an, die ihre Kenntnisse und F\u00e4higkeiten im Bereich des nachhaltigen Bauens vertiefen m\u00f6chten. Unsere Programme decken verschiedene Aspekte ab, von \u00f6kologischen Bautechniken bis hin zu Strategien f\u00fcr eine nachhaltige Entwicklung im Bauwesen. Weitere Informationen<\/p>\n","protected":false},"author":2,"featured_media":0,"parent":2600,"menu_order":0,"comment_status":"closed","ping_status":"closed","template":"","meta":{"footnotes":""},"class_list":["post-2639","page","type-page","status-publish","hentry"],"_links":{"self":[{"href":"https:\/\/ecologe.eu\/lb\/wp-json\/wp\/v2\/pages\/2639","targetHints":{"allow":["GET"]}}],"collection":[{"href":"https:\/\/ecologe.eu\/lb\/wp-json\/wp\/v2\/pages"}],"about":[{"href":"https:\/\/ecologe.eu\/lb\/wp-json\/wp\/v2\/types\/page"}],"author":[{"embeddable":true,"href":"https:\/\/ecologe.eu\/lb\/wp-json\/wp\/v2\/users\/2"}],"replies":[{"embeddable":true,"href":"https:\/\/ecologe.eu\/lb\/wp-json\/wp\/v2\/comments?post=2639"}],"version-history":[{"count":2,"href":"https:\/\/ecologe.eu\/lb\/wp-json\/wp\/v2\/pages\/2639\/revisions"}],"predecessor-version":[{"id":2747,"href":"https:\/\/ecologe.eu\/lb\/wp-json\/wp\/v2\/pages\/2639\/revisions\/2747"}],"up":[{"embeddable":true,"href":"https:\/\/ecologe.eu\/lb\/wp-json\/wp\/v2\/pages\/2600"}],"wp:attachment":[{"href":"https:\/\/ecologe.eu\/lb\/wp-json\/wp\/v2\/media?parent=2639"}],"curies":[{"name":"wp","href":"https:\/\/api.w.org\/{rel}","templated":true}]}}