{"id":2643,"date":"2025-01-20T13:34:20","date_gmt":"2025-01-20T13:34:20","guid":{"rendered":"https:\/\/ecologe.eu\/pros-dienstleistungen\/statische-berechnungen-und-ausfuhrungsplane\/"},"modified":"2025-01-23T22:56:49","modified_gmt":"2025-01-23T22:56:49","slug":"statische-berechnungen-und-ausfuhrungsplane","status":"publish","type":"page","link":"https:\/\/ecologe.eu\/lb\/pros-dienstleistungen\/statische-berechnungen-und-ausfuhrungsplane\/","title":{"rendered":"Statische Berechnungen und Ausf\u00fchrungspl\u00e4ne"},"content":{"rendered":"\t\t<div data-elementor-type=\"wp-page\" data-elementor-id=\"2643\" class=\"elementor elementor-2643 elementor-1654\" data-elementor-post-type=\"page\">\n\t\t\t\t<div class=\"elementor-element elementor-element-4ff8d45 e-flex e-con-boxed e-con e-parent\" data-id=\"4ff8d45\" data-element_type=\"container\" data-settings=\"{&quot;background_background&quot;:&quot;classic&quot;}\">\n\t\t\t\t\t<div class=\"e-con-inner\">\n\t\t<div class=\"elementor-element elementor-element-9e3c6cb e-con-full e-flex e-con e-child\" data-id=\"9e3c6cb\" data-element_type=\"container\" data-settings=\"{&quot;background_background&quot;:&quot;classic&quot;}\">\n\t\t<div class=\"elementor-element elementor-element-4309b12 e-con-full e-flex e-con e-child\" data-id=\"4309b12\" data-element_type=\"container\" data-settings=\"{&quot;background_background&quot;:&quot;classic&quot;}\">\n\t\t<div class=\"elementor-element elementor-element-5afb190 e-con-full e-flex e-con e-child\" data-id=\"5afb190\" data-element_type=\"container\" data-settings=\"{&quot;background_background&quot;:&quot;classic&quot;}\">\n\t\t\t\t<div class=\"elementor-element elementor-element-d82dfd8 elementor-invisible elementor-widget elementor-widget-heading\" data-id=\"d82dfd8\" data-element_type=\"widget\" data-settings=\"{&quot;_animation&quot;:&quot;fadeInUp&quot;}\" data-widget_type=\"heading.default\">\n\t\t\t\t<div class=\"elementor-widget-container\">\n\t\t\t\t\t<h6 class=\"elementor-heading-title elementor-size-default\">\u00d6kologe<\/h6>\t\t\t\t<\/div>\n\t\t\t\t<\/div>\n\t\t\t\t<div class=\"elementor-element elementor-element-ccacfa4 elementor-invisible elementor-widget elementor-widget-heading\" data-id=\"ccacfa4\" data-element_type=\"widget\" data-settings=\"{&quot;_animation&quot;:&quot;fadeInUp&quot;,&quot;_animation_delay&quot;:200}\" data-widget_type=\"heading.default\">\n\t\t\t\t<div class=\"elementor-widget-container\">\n\t\t\t\t\t<h1 class=\"elementor-heading-title elementor-size-default\">Statische Berechnungen und Ausf\u00fchrungspl\u00e4ne<\/h1>\t\t\t\t<\/div>\n\t\t\t\t<\/div>\n\t\t\t\t<div class=\"elementor-element elementor-element-1d6841c elementor-invisible elementor-widget elementor-widget-text-editor\" data-id=\"1d6841c\" data-element_type=\"widget\" data-settings=\"{&quot;_animation&quot;:&quot;fadeInUp&quot;,&quot;_animation_delay&quot;:300}\" data-widget_type=\"text-editor.default\">\n\t\t\t\t<div class=\"elementor-widget-container\">\n\t\t\t\t\t\t\t\t\t<p>In Zusammenarbeit mit unserem Ingenieurb\u00fcro, das seit mehr als 10 Jahren unser Partner ist, k\u00f6nnen wir Ihnen statische Berechnungen und Ausf\u00fchrungspl\u00e4ne f\u00fcr unsere Bausysteme liefern.<\/p>\n\t\t\t\t\t\t\t\t<\/div>\n\t\t\t\t<\/div>\n\t\t\t\t<div class=\"elementor-element elementor-element-361d9d6 elementor-widget elementor-widget-image\" data-id=\"361d9d6\" data-element_type=\"widget\" data-widget_type=\"image.default\">\n\t\t\t\t<div class=\"elementor-widget-container\">\n\t\t\t\t\t\t\t\t\t\t\t\t\t\t\t<img fetchpriority=\"high\" decoding=\"async\" width=\"683\" height=\"1024\" src=\"https:\/\/ecologe.eu\/wp-content\/uploads\/2023\/11\/top-view-of-architect-blueprints-with-ruler-and-protractor-683x1024.jpg\" class=\"attachment-large size-large wp-image-487\" alt=\"\" srcset=\"https:\/\/ecologe.eu\/wp-content\/uploads\/2023\/11\/top-view-of-architect-blueprints-with-ruler-and-protractor-683x1024.jpg 683w, https:\/\/ecologe.eu\/wp-content\/uploads\/2023\/11\/top-view-of-architect-blueprints-with-ruler-and-protractor-200x300.jpg 200w, https:\/\/ecologe.eu\/wp-content\/uploads\/2023\/11\/top-view-of-architect-blueprints-with-ruler-and-protractor-768x1151.jpg 768w, https:\/\/ecologe.eu\/wp-content\/uploads\/2023\/11\/top-view-of-architect-blueprints-with-ruler-and-protractor-1025x1536.jpg 1025w, https:\/\/ecologe.eu\/wp-content\/uploads\/2023\/11\/top-view-of-architect-blueprints-with-ruler-and-protractor.jpg 1280w\" sizes=\"(max-width: 683px) 100vw, 683px\" \/>\t\t\t\t\t\t\t\t\t\t\t\t\t\t\t<\/div>\n\t\t\t\t<\/div>\n\t\t\t\t<div class=\"elementor-element elementor-element-389d3e8 elementor-align-center elementor-widget elementor-widget-button\" data-id=\"389d3e8\" data-element_type=\"widget\" data-widget_type=\"button.default\">\n\t\t\t\t<div class=\"elementor-widget-container\">\n\t\t\t\t\t\t\t\t\t<div class=\"elementor-button-wrapper\">\n\t\t\t\t\t<a class=\"elementor-button elementor-button-link elementor-size-sm\" href=\"https:\/\/ecologe.eu\/lb\/kontaktieren-sie-uns\/\">\n\t\t\t\t\t\t<span class=\"elementor-button-content-wrapper\">\n\t\t\t\t\t\t\t\t\t<span class=\"elementor-button-text\">Weitere Informationen<\/span>\n\t\t\t\t\t<\/span>\n\t\t\t\t\t<\/a>\n\t\t\t\t<\/div>\n\t\t\t\t\t\t\t\t<\/div>\n\t\t\t\t<\/div>\n\t\t\t\t<\/div>\n\t\t\t\t<\/div>\n\t\t\t\t<\/div>\n\t\t\t\t\t<\/div>\n\t\t\t\t<\/div>\n\t\t\t\t<\/div>\n\t\t","protected":false},"excerpt":{"rendered":"<p>\u00d6kologe Statische Berechnungen und Ausf\u00fchrungspl\u00e4ne In Zusammenarbeit mit unserem Ingenieurb\u00fcro, das seit mehr als 10 Jahren unser Partner ist, k\u00f6nnen wir Ihnen statische Berechnungen und Ausf\u00fchrungspl\u00e4ne f\u00fcr unsere Bausysteme liefern. Weitere Informationen<\/p>\n","protected":false},"author":2,"featured_media":0,"parent":2600,"menu_order":0,"comment_status":"closed","ping_status":"closed","template":"","meta":{"footnotes":""},"class_list":["post-2643","page","type-page","status-publish","hentry"],"_links":{"self":[{"href":"https:\/\/ecologe.eu\/lb\/wp-json\/wp\/v2\/pages\/2643","targetHints":{"allow":["GET"]}}],"collection":[{"href":"https:\/\/ecologe.eu\/lb\/wp-json\/wp\/v2\/pages"}],"about":[{"href":"https:\/\/ecologe.eu\/lb\/wp-json\/wp\/v2\/types\/page"}],"author":[{"embeddable":true,"href":"https:\/\/ecologe.eu\/lb\/wp-json\/wp\/v2\/users\/2"}],"replies":[{"embeddable":true,"href":"https:\/\/ecologe.eu\/lb\/wp-json\/wp\/v2\/comments?post=2643"}],"version-history":[{"count":1,"href":"https:\/\/ecologe.eu\/lb\/wp-json\/wp\/v2\/pages\/2643\/revisions"}],"predecessor-version":[{"id":2648,"href":"https:\/\/ecologe.eu\/lb\/wp-json\/wp\/v2\/pages\/2643\/revisions\/2648"}],"up":[{"embeddable":true,"href":"https:\/\/ecologe.eu\/lb\/wp-json\/wp\/v2\/pages\/2600"}],"wp:attachment":[{"href":"https:\/\/ecologe.eu\/lb\/wp-json\/wp\/v2\/media?parent=2643"}],"curies":[{"name":"wp","href":"https:\/\/api.w.org\/{rel}","templated":true}]}}