{"id":2649,"date":"2024-04-10T08:01:11","date_gmt":"2024-04-10T08:01:11","guid":{"rendered":"https:\/\/ecologe.eu\/pros-dienstleistungen\/carbon-berechnungen\/"},"modified":"2025-01-23T22:56:49","modified_gmt":"2025-01-23T22:56:49","slug":"carbon-berechnungen","status":"publish","type":"page","link":"https:\/\/ecologe.eu\/lb\/pros-dienstleistungen\/carbon-berechnungen\/","title":{"rendered":"Carbon-Berechnungen"},"content":{"rendered":"\t\t<div data-elementor-type=\"wp-page\" data-elementor-id=\"2649\" class=\"elementor elementor-2649 elementor-1201\" data-elementor-post-type=\"page\">\n\t\t\t\t<div class=\"elementor-element elementor-element-6a3cd11 e-flex e-con-boxed e-con e-parent\" data-id=\"6a3cd11\" data-element_type=\"container\" data-settings=\"{&quot;background_background&quot;:&quot;classic&quot;}\">\n\t\t\t\t\t<div class=\"e-con-inner\">\n\t\t<div class=\"elementor-element elementor-element-7907246 e-con-full e-flex e-con e-child\" data-id=\"7907246\" data-element_type=\"container\" data-settings=\"{&quot;background_background&quot;:&quot;classic&quot;}\">\n\t\t<div class=\"elementor-element elementor-element-8c8b6f3 e-con-full e-flex e-con e-child\" data-id=\"8c8b6f3\" data-element_type=\"container\" data-settings=\"{&quot;background_background&quot;:&quot;classic&quot;}\">\n\t\t<div class=\"elementor-element elementor-element-5abc8d5 e-con-full e-flex e-con e-child\" data-id=\"5abc8d5\" data-element_type=\"container\" data-settings=\"{&quot;background_background&quot;:&quot;classic&quot;}\">\n\t\t\t\t<div class=\"elementor-element elementor-element-aed22cf elementor-invisible elementor-widget elementor-widget-heading\" data-id=\"aed22cf\" data-element_type=\"widget\" data-settings=\"{&quot;_animation&quot;:&quot;fadeInUp&quot;}\" data-widget_type=\"heading.default\">\n\t\t\t\t<div class=\"elementor-widget-container\">\n\t\t\t\t\t<h6 class=\"elementor-heading-title elementor-size-default\">\u00d6kologe<\/h6>\t\t\t\t<\/div>\n\t\t\t\t<\/div>\n\t\t\t\t<div class=\"elementor-element elementor-element-5208ab9 elementor-invisible elementor-widget elementor-widget-heading\" data-id=\"5208ab9\" data-element_type=\"widget\" data-settings=\"{&quot;_animation&quot;:&quot;fadeInUp&quot;,&quot;_animation_delay&quot;:200}\" data-widget_type=\"heading.default\">\n\t\t\t\t<div class=\"elementor-widget-container\">\n\t\t\t\t\t<h2 class=\"elementor-heading-title elementor-size-default\">Berechnung der CO2-Bilanz von Geb\u00e4uden: Auf dem Weg zu einer nachhaltigen Bauweise<\/h2>\t\t\t\t<\/div>\n\t\t\t\t<\/div>\n\t\t\t\t<div class=\"elementor-element elementor-element-aa3e339 elementor-invisible elementor-widget elementor-widget-text-editor\" data-id=\"aa3e339\" data-element_type=\"widget\" data-settings=\"{&quot;_animation&quot;:&quot;fadeInUp&quot;,&quot;_animation_delay&quot;:300}\" data-widget_type=\"text-editor.default\">\n\t\t\t\t<div class=\"elementor-widget-container\">\n\t\t\t\t\t\t\t\t\t<p>In einer Welt, in der der \u00f6kologische Fu\u00dfabdruck jeder Handlung und jedes Produkts zu einem immer zentraleren Kriterium wird, ist unser neuer CO2-Berechnungsservice eine konkrete und fachkundige Antwort auf diese wichtige Herausforderung. Wir sind auf die Beratung im Bauwesen spezialisiert und bieten Ihnen nun eine umfassende Expertise im Bereich der CO2-Bilanz, die f\u00fcr alle Akteure, die im Bauwesen verantwortungsvoll innovieren wollen, von entscheidender Bedeutung ist. Ob Sie nun ein neues Produkt entwerfen oder nach umweltfreundlichen Verbesserungen f\u00fcr Ihre bestehenden Produkte suchen, unser ma\u00dfgeschneiderter Ansatz, der auf den neuesten wissenschaftlichen Methoden basiert, wird Ihnen helfen, die Auswirkungen Ihrer Innovationen auf den Kohlenstoffaussto\u00df genau zu bewerten. Durch die enge Zusammenarbeit mit Ihnen und unsere Partnerschaft mit der Carbon Agency verwandeln wir \u00f6kologische Herausforderungen in Chancen f\u00fcr eine nachhaltige Entwicklung. Was ist unsere Mission? Sie auf dem Weg zu einem geringeren CO2-Fu\u00dfabdruck zu begleiten, f\u00fcr eine Zukunft, in der jedes Geb\u00e4ude einen positiven Beitrag zur Gesundheit unseres Planeten leistet.     <\/p>\n\t\t\t\t\t\t\t\t<\/div>\n\t\t\t\t<\/div>\n\t\t\t\t<div class=\"elementor-element elementor-element-3621ab8 elementor-widget elementor-widget-image\" data-id=\"3621ab8\" data-element_type=\"widget\" data-widget_type=\"image.default\">\n\t\t\t\t<div class=\"elementor-widget-container\">\n\t\t\t\t\t\t\t\t\t\t\t\t\t\t\t<img fetchpriority=\"high\" decoding=\"async\" width=\"800\" height=\"506\" src=\"https:\/\/ecologe.eu\/wp-content\/uploads\/2024\/09\/SE7-1024x648.png\" class=\"attachment-large size-large wp-image-1313\" alt=\"\" srcset=\"https:\/\/ecologe.eu\/wp-content\/uploads\/2024\/09\/SE7-1024x648.png 1024w, https:\/\/ecologe.eu\/wp-content\/uploads\/2024\/09\/SE7-300x190.png 300w, https:\/\/ecologe.eu\/wp-content\/uploads\/2024\/09\/SE7-768x486.png 768w, https:\/\/ecologe.eu\/wp-content\/uploads\/2024\/09\/SE7.png 1448w\" sizes=\"(max-width: 800px) 100vw, 800px\" \/>\t\t\t\t\t\t\t\t\t\t\t\t\t\t\t<\/div>\n\t\t\t\t<\/div>\n\t\t\t\t<div class=\"elementor-element elementor-element-769f761 elementor-align-center elementor-widget elementor-widget-button\" data-id=\"769f761\" data-element_type=\"widget\" data-widget_type=\"button.default\">\n\t\t\t\t<div class=\"elementor-widget-container\">\n\t\t\t\t\t\t\t\t\t<div class=\"elementor-button-wrapper\">\n\t\t\t\t\t<a class=\"elementor-button elementor-button-link elementor-size-sm\" href=\"https:\/\/ecologe.eu\/lb\/kontaktieren-sie-uns\/\">\n\t\t\t\t\t\t<span class=\"elementor-button-content-wrapper\">\n\t\t\t\t\t\t\t\t\t<span class=\"elementor-button-text\">Weitere Informationen<\/span>\n\t\t\t\t\t<\/span>\n\t\t\t\t\t<\/a>\n\t\t\t\t<\/div>\n\t\t\t\t\t\t\t\t<\/div>\n\t\t\t\t<\/div>\n\t\t\t\t<\/div>\n\t\t\t\t<\/div>\n\t\t\t\t<\/div>\n\t\t\t\t\t<\/div>\n\t\t\t\t<\/div>\n\t\t\t\t<\/div>\n\t\t","protected":false},"excerpt":{"rendered":"<p>\u00d6kologe Berechnung der CO2-Bilanz von Geb\u00e4uden: Auf dem Weg zu einer nachhaltigen Bauweise In einer Welt, in der der \u00f6kologische Fu\u00dfabdruck jeder Handlung und jedes Produkts zu einem immer zentraleren Kriterium wird, ist unser neuer CO2-Berechnungsservice eine konkrete und fachkundige Antwort auf diese wichtige Herausforderung. Wir sind auf die Beratung im Bauwesen spezialisiert und bieten [&hellip;]<\/p>\n","protected":false},"author":2,"featured_media":0,"parent":2600,"menu_order":0,"comment_status":"closed","ping_status":"closed","template":"","meta":{"footnotes":""},"class_list":["post-2649","page","type-page","status-publish","hentry"],"_links":{"self":[{"href":"https:\/\/ecologe.eu\/lb\/wp-json\/wp\/v2\/pages\/2649","targetHints":{"allow":["GET"]}}],"collection":[{"href":"https:\/\/ecologe.eu\/lb\/wp-json\/wp\/v2\/pages"}],"about":[{"href":"https:\/\/ecologe.eu\/lb\/wp-json\/wp\/v2\/types\/page"}],"author":[{"embeddable":true,"href":"https:\/\/ecologe.eu\/lb\/wp-json\/wp\/v2\/users\/2"}],"replies":[{"embeddable":true,"href":"https:\/\/ecologe.eu\/lb\/wp-json\/wp\/v2\/comments?post=2649"}],"version-history":[{"count":1,"href":"https:\/\/ecologe.eu\/lb\/wp-json\/wp\/v2\/pages\/2649\/revisions"}],"predecessor-version":[{"id":2655,"href":"https:\/\/ecologe.eu\/lb\/wp-json\/wp\/v2\/pages\/2649\/revisions\/2655"}],"up":[{"embeddable":true,"href":"https:\/\/ecologe.eu\/lb\/wp-json\/wp\/v2\/pages\/2600"}],"wp:attachment":[{"href":"https:\/\/ecologe.eu\/lb\/wp-json\/wp\/v2\/media?parent=2649"}],"curies":[{"name":"wp","href":"https:\/\/api.w.org\/{rel}","templated":true}]}}